{"id":340,"date":"2020-04-09T14:19:38","date_gmt":"2020-04-09T14:19:38","guid":{"rendered":"http:\/\/inetonly.de\/?page_id=340"},"modified":"2026-02-07T16:52:22","modified_gmt":"2026-02-07T16:52:22","slug":"content-draft","status":"publish","type":"page","link":"https:\/\/datislan.de\/?page_id=340","title":{"rendered":"Impressum"},"content":{"rendered":"<div id=\"cs-content\" class=\"cs-content\"><div class=\"x-section e340-e1 m9g-0\"><div class=\"x-container max width e340-e2 m9g-1\"><div class=\"x-column x-sm x-1-1 e340-e3 m9g-2\"><div class=\"x-text x-content e340-e4 m9g-3\"><h1>Impressum<a href=\"https:\/\/www.e-recht24.de\/impressum-generator.html\"><\/a><\/h1>\n<p>Christian Nimtsch<br \/>\nHerzog-Friedrich-Stra\u00dfe 62-64<br \/>\n24103 Kiel<br \/>\nDeutschland<\/p>\n<p><strong>Kontakt:<\/strong><br \/>\nTelefon: 0176 24272638<br \/>\nE-Mail: <a href=\"mailto:nimtsch@gmail.com\">nimtsch@gmail.com<\/a><\/p>\n\n\n<hr \/>\n\n<h3><strong>Haftung f\u00fcr Inhalte<\/strong><\/h3>\n<p>Als Diensteanbieter sind wir f\u00fcr die eigenen Inhalte auf diesen Seiten nach den allgemeinen Gesetzen verantwortlich. Eine Verpflichtung zur \u00dcberwachung \u00fcbermittelter oder gespeicherter fremder Informationen besteht nicht, sofern keine konkrete Anhaltspunkte f\u00fcr eine Rechtsverletzung vorliegen. Bei Bekanntwerden von Rechtsverletzungen werden entsprechende Inhalte umgehend entfernt.<\/p>\n\n\n<hr \/>\n\n<h3><strong>Haftung f\u00fcr Links<\/strong><\/h3>\n<p>Unsere Website enth\u00e4lt Links zu externen Websites Dritter, auf deren Inhalte wir keinen Einfluss haben. F\u00fcr die Inhalte der verlinkten Seiten ist stets der jeweilige Anbieter oder Betreiber verantwortlich. Zum Zeitpunkt der Verlinkung waren keine Rechtsverst\u00f6\u00dfe erkennbar.<\/p>\n\n\n<hr \/>\n\n<h3><strong>Urheberrecht<\/strong><\/h3>\n<p>Die durch die Seitenbetreiber erstellten Inhalte und Werke auf dieser Website unterliegen dem deutschen Urheberrecht. Beitr\u00e4ge Dritter sind als solche gekennzeichnet. Die Vervielf\u00e4ltigung, Bearbeitung, Verbreitung und jede Art der Verwertung au\u00dferhalb der Grenzen des Urheberrechtes bed\u00fcrfen der schriftlichen Zustimmung des jeweiligen Autors bzw. Erstellers.<\/p>\n\n\n<hr \/>\n\n<h3><strong>Online-Streitbeilegung<\/strong><\/h3>\n<p>Die Europ\u00e4ische Kommission stellt eine Plattform zur au\u00dfergerichtlichen Online-Streitbeilegung (OS-Plattform) bereit:<br \/>\n<a href=\"https:\/\/ec.europa.eu\/consumers\/odr\">https:\/\/ec.europa.eu\/consumers\/odr<\/a><\/p>\n<p>Wir nehmen nicht an einem Streitbeilegungsverfahren vor einer Verbraucherschlichtungsstelle teil.<\/p>\n\n\n<hr \/>\n<p><\/p><\/div><\/div><\/div><\/div><\/div>\n","protected":false},"excerpt":{"rendered":"<p>Impressum Christian Nimtsch Herzog-Friedrich-Stra\u00dfe 62-64 24103 Kiel Deutschland Kontakt: Telefon: 0176 24272638 E-Mail: nimtsch@gmail.com Haftung f\u00fcr Inhalte Als Diensteanbieter sind wir f\u00fcr die eigenen Inhalte auf diesen Seiten nach den allgemeinen Gesetzen verantwortlich. Eine Verpflichtung zur \u00dcberwachung \u00fcbermittelter oder gespeicherter fremder Informationen besteht nicht, sofern keine konkrete Anhaltspunkte f\u00fcr eine Rechtsverletzung vorliegen. Bei Bekanntwerden von Rechtsverletzungen werden entsprechende Inhalte umgehend &#8230;<\/p>\n","protected":false},"author":1,"featured_media":0,"parent":0,"menu_order":0,"comment_status":"closed","ping_status":"closed","template":"template-blank-1.php","meta":{"footnotes":""},"class_list":["post-340","page","type-page","status-publish","hentry","no-post-thumbnail"],"_links":{"self":[{"href":"https:\/\/datislan.de\/index.php?rest_route=\/wp\/v2\/pages\/340","targetHints":{"allow":["GET"]}}],"collection":[{"href":"https:\/\/datislan.de\/index.php?rest_route=\/wp\/v2\/pages"}],"about":[{"href":"https:\/\/datislan.de\/index.php?rest_route=\/wp\/v2\/types\/page"}],"author":[{"embeddable":true,"href":"https:\/\/datislan.de\/index.php?rest_route=\/wp\/v2\/users\/1"}],"replies":[{"embeddable":true,"href":"https:\/\/datislan.de\/index.php?rest_route=%2Fwp%2Fv2%2Fcomments&post=340"}],"version-history":[{"count":11,"href":"https:\/\/datislan.de\/index.php?rest_route=\/wp\/v2\/pages\/340\/revisions"}],"predecessor-version":[{"id":1655,"href":"https:\/\/datislan.de\/index.php?rest_route=\/wp\/v2\/pages\/340\/revisions\/1655"}],"wp:attachment":[{"href":"https:\/\/datislan.de\/index.php?rest_route=%2Fwp%2Fv2%2Fmedia&parent=340"}],"curies":[{"name":"wp","href":"https:\/\/api.w.org\/{rel}","templated":true}]}}